{"id":118,"date":"2021-10-20T07:47:30","date_gmt":"2021-10-20T07:47:30","guid":{"rendered":"https:\/\/viktorpersson.se\/?page_id=118"},"modified":"2023-09-06T07:21:30","modified_gmt":"2023-09-06T05:21:30","slug":"om-mig","status":"publish","type":"page","link":"https:\/\/viktorpersson.se\/?page_id=118","title":{"rendered":"Om mig"},"content":{"rendered":"\n<p>Grafiker, projektledare, originalare eller kreat\u00f6r. Vet egentligen inte vad som beskriver mig b\u00e4st. Det jag vet \u00e4r att jag gillar att skapa saker. Det kan vara allt ifr\u00e5n utformningen av en ny logotyp till att rent fysiskt bygga och m\u00e5la n\u00e5got. <\/p>\n\n\n\n<blockquote class=\"wp-block-quote is-layout-flow wp-block-quote-is-layout-flow\">\n<p>Jag m\u00e5r som b\u00e4st n\u00e4r inspirationen kommer \u00f6ver mig och jag f\u00e5r b\u00f6rja skapa!<\/p>\n<\/blockquote>\n\n\n\n<p>Mer \u00e4n 15 \u00e5rs erfarenhet av e-handel och digitaltryck, g\u00f6r att jag k\u00e4nner mig v\u00e4ldigt hemma med f\u00e4rgprofiler, trycksaker och grafisk design. N\u00e4r det g\u00e4ller detta jobbar jag allra helst med programmen Adobe Photoshop och Adobe Illustrator. <\/p>\n\n\n\n<figure class=\"wp-block-gallery has-nested-images columns-default is-cropped wp-block-gallery-1 is-layout-flex wp-block-gallery-is-layout-flex\">\n<figure class=\"wp-block-image size-full\"><img loading=\"lazy\" decoding=\"async\" width=\"1000\" height=\"1000\" data-id=\"687\" src=\"https:\/\/viktorpersson.se\/wp-content\/uploads\/2022\/12\/viktor_2022_circle_blue.jpg\" alt=\"\" class=\"wp-image-687\" srcset=\"https:\/\/viktorpersson.se\/wp-content\/uploads\/2022\/12\/viktor_2022_circle_blue.jpg 1000w, https:\/\/viktorpersson.se\/wp-content\/uploads\/2022\/12\/viktor_2022_circle_blue-300x300.jpg 300w, https:\/\/viktorpersson.se\/wp-content\/uploads\/2022\/12\/viktor_2022_circle_blue-150x150.jpg 150w, https:\/\/viktorpersson.se\/wp-content\/uploads\/2022\/12\/viktor_2022_circle_blue-768x768.jpg 768w, https:\/\/viktorpersson.se\/wp-content\/uploads\/2022\/12\/viktor_2022_circle_blue-200x200.jpg 200w, https:\/\/viktorpersson.se\/wp-content\/uploads\/2022\/12\/viktor_2022_circle_blue-520x520.jpg 520w, https:\/\/viktorpersson.se\/wp-content\/uploads\/2022\/12\/viktor_2022_circle_blue-940x940.jpg 940w\" sizes=\"auto, (max-width: 1000px) 100vw, 1000px\" \/><\/figure>\n\n\n\n<figure class=\"wp-block-image size-full\"><img loading=\"lazy\" decoding=\"async\" width=\"1000\" height=\"1000\" data-id=\"674\" src=\"https:\/\/viktorpersson.se\/wp-content\/uploads\/2022\/10\/viktor_2022_circle_purple3.jpg\" alt=\"\" class=\"wp-image-674\" srcset=\"https:\/\/viktorpersson.se\/wp-content\/uploads\/2022\/10\/viktor_2022_circle_purple3.jpg 1000w, https:\/\/viktorpersson.se\/wp-content\/uploads\/2022\/10\/viktor_2022_circle_purple3-300x300.jpg 300w, https:\/\/viktorpersson.se\/wp-content\/uploads\/2022\/10\/viktor_2022_circle_purple3-150x150.jpg 150w, https:\/\/viktorpersson.se\/wp-content\/uploads\/2022\/10\/viktor_2022_circle_purple3-768x768.jpg 768w, https:\/\/viktorpersson.se\/wp-content\/uploads\/2022\/10\/viktor_2022_circle_purple3-200x200.jpg 200w, https:\/\/viktorpersson.se\/wp-content\/uploads\/2022\/10\/viktor_2022_circle_purple3-520x520.jpg 520w, https:\/\/viktorpersson.se\/wp-content\/uploads\/2022\/10\/viktor_2022_circle_purple3-940x940.jpg 940w\" sizes=\"auto, (max-width: 1000px) 100vw, 1000px\" \/><\/figure>\n\n\n\n<figure class=\"wp-block-image size-large\"><img loading=\"lazy\" decoding=\"async\" width=\"1000\" height=\"1000\" data-id=\"664\" src=\"https:\/\/viktorpersson.se\/wp-content\/uploads\/2022\/10\/viktor_2022_circle_green.jpg\" alt=\"\" class=\"wp-image-664\" srcset=\"https:\/\/viktorpersson.se\/wp-content\/uploads\/2022\/10\/viktor_2022_circle_green.jpg 1000w, https:\/\/viktorpersson.se\/wp-content\/uploads\/2022\/10\/viktor_2022_circle_green-300x300.jpg 300w, https:\/\/viktorpersson.se\/wp-content\/uploads\/2022\/10\/viktor_2022_circle_green-150x150.jpg 150w, https:\/\/viktorpersson.se\/wp-content\/uploads\/2022\/10\/viktor_2022_circle_green-768x768.jpg 768w, https:\/\/viktorpersson.se\/wp-content\/uploads\/2022\/10\/viktor_2022_circle_green-200x200.jpg 200w, https:\/\/viktorpersson.se\/wp-content\/uploads\/2022\/10\/viktor_2022_circle_green-520x520.jpg 520w, https:\/\/viktorpersson.se\/wp-content\/uploads\/2022\/10\/viktor_2022_circle_green-940x940.jpg 940w\" sizes=\"auto, (max-width: 1000px) 100vw, 1000px\" \/><\/figure>\n<\/figure>\n\n\n\n<p>Att designa logotyper \u00e4r n\u00e5got av det roligaste jag vet. Ibland designar jag logotyper f\u00f6r p\u00e5hittade saker bara f\u00f6r att det \u00e4r roligt. Jag kan till och med tycka att det \u00e4r kul att bara titta p\u00e5 logotyper.<\/p>\n\n\n\n<blockquote class=\"wp-block-quote is-layout-flow wp-block-quote-is-layout-flow\">\n<p>Man skulle kunna kalla mig f\u00f6r en logotyp-n\u00f6rd!<\/p>\n<\/blockquote>\n\n\n\n<p>Digital n\u00e4rvaro \u00e4r ocks\u00e5 n\u00e5got jag brinner f\u00f6r. Hur vi upplevs och syns p\u00e5 Internet tycker jag \u00e4r f\u00f6r viktigt f\u00f6r att bara l\u00e4mna \u00e5t slumpen. Att ta kontroll och styra \u00f6ver det \u00e4r f\u00f6r mig en rolig utmaning.<\/p>\n\n\n\n<p>Ja, jag gillar att ta n\u00e5got fr\u00e5n id\u00e9 till verklighet. Att skapa helt enkelt!<\/p>\n\n\n\n<p><strong><em>Tror du att vi skulle kunna samarbeta, s\u00e5 tveka inte att <a href=\"https:\/\/viktorpersson.se\/?page_id=2\">h\u00f6ra av dig<\/a>!<\/em><\/strong><\/p>\n","protected":false},"excerpt":{"rendered":"<p>Grafiker, projektledare, originalare eller kreat\u00f6r. Vet egentligen inte vad som beskriver mig b\u00e4st. Det jag vet \u00e4r att jag gillar att skapa saker. Det kan vara allt ifr\u00e5n utformningen av en ny logotyp till att rent fysiskt bygga och m\u00e5la n\u00e5got. Jag m\u00e5r som b\u00e4st n\u00e4r inspirationen kommer \u00f6ver mig och jag f\u00e5r b\u00f6rja skapa!&#46;&#46;&#46;<\/p>\n","protected":false},"author":2,"featured_media":0,"parent":0,"menu_order":0,"comment_status":"closed","ping_status":"closed","template":"","meta":{"footnotes":""},"class_list":["post-118","page","type-page","status-publish","hentry"],"_links":{"self":[{"href":"https:\/\/viktorpersson.se\/index.php?rest_route=\/wp\/v2\/pages\/118","targetHints":{"allow":["GET"]}}],"collection":[{"href":"https:\/\/viktorpersson.se\/index.php?rest_route=\/wp\/v2\/pages"}],"about":[{"href":"https:\/\/viktorpersson.se\/index.php?rest_route=\/wp\/v2\/types\/page"}],"author":[{"embeddable":true,"href":"https:\/\/viktorpersson.se\/index.php?rest_route=\/wp\/v2\/users\/2"}],"replies":[{"embeddable":true,"href":"https:\/\/viktorpersson.se\/index.php?rest_route=%2Fwp%2Fv2%2Fcomments&post=118"}],"version-history":[{"count":40,"href":"https:\/\/viktorpersson.se\/index.php?rest_route=\/wp\/v2\/pages\/118\/revisions"}],"predecessor-version":[{"id":736,"href":"https:\/\/viktorpersson.se\/index.php?rest_route=\/wp\/v2\/pages\/118\/revisions\/736"}],"wp:attachment":[{"href":"https:\/\/viktorpersson.se\/index.php?rest_route=%2Fwp%2Fv2%2Fmedia&parent=118"}],"curies":[{"name":"wp","href":"https:\/\/api.w.org\/{rel}","templated":true}]}}